{"id":832,"date":"2023-05-29T04:05:45","date_gmt":"2023-05-29T04:05:45","guid":{"rendered":"https:\/\/jaimezarate.com\/?page_id=832"},"modified":"2023-05-29T04:23:43","modified_gmt":"2023-05-29T04:23:43","slug":"la-leyenda-de-la-lagana-del-perro","status":"publish","type":"page","link":"https:\/\/jaimezarate.com\/index.php\/la-leyenda-de-la-lagana-del-perro\/","title":{"rendered":"LA LEYENDA DE LA LAGA\u00d1A DEL PERRO"},"content":{"rendered":"\t\t<div data-elementor-type=\"wp-page\" data-elementor-id=\"832\" class=\"elementor elementor-832\">\n\t\t\t\t\t\t<section class=\"elementor-section elementor-top-section elementor-element elementor-element-f8cc662 elementor-section-boxed elementor-section-height-default elementor-section-height-default jltma-glass-effect-no\" data-id=\"f8cc662\" data-element_type=\"section\">\n\t\t\t\t\t\t<div class=\"elementor-container elementor-column-gap-default\">\n\t\t\t\t\t<div class=\"elementor-column elementor-col-100 elementor-top-column elementor-element elementor-element-cd243b0 jltma-glass-effect-no\" data-id=\"cd243b0\" data-element_type=\"column\">\n\t\t\t<div class=\"elementor-widget-wrap elementor-element-populated\">\n\t\t\t\t\t\t\t<\/div>\n\t\t<\/div>\n\t\t\t\t\t<\/div>\n\t\t<\/section>\n\t\t\t\t<section class=\"elementor-section elementor-top-section elementor-element elementor-element-154e85a1 elementor-section-boxed elementor-section-height-default elementor-section-height-default jltma-glass-effect-no\" data-id=\"154e85a1\" data-element_type=\"section\">\n\t\t\t\t\t\t<div class=\"elementor-container elementor-column-gap-default\">\n\t\t\t\t\t<div class=\"elementor-column elementor-col-100 elementor-top-column elementor-element elementor-element-64de1bc5 jltma-glass-effect-no\" data-id=\"64de1bc5\" data-element_type=\"column\">\n\t\t\t<div class=\"elementor-widget-wrap elementor-element-populated\">\n\t\t\t\t\t\t<div class=\"elementor-element elementor-element-1047dfae jltma-glass-effect-no elementor-widget elementor-widget-text-editor\" data-id=\"1047dfae\" data-element_type=\"widget\" data-widget_type=\"text-editor.default\">\n\t\t\t\t<div class=\"elementor-widget-container\">\n\t\t\t\t\t\t\t\t\t\n<p><span style=\"color: #000000;\"><strong>(Memorias de mi pueblo)<\/strong><\/span><\/p>\n<p><span style=\"color: #000000;\">Esta leyenda tiene relaci\u00f3n al 1ro y 2 de noviembre que en M\u00e9xico se celebra el d\u00eda de los muertos. Sucedi\u00f3 que en el pueblo de San Pedro Huamelula muri\u00f3 una se\u00f1ora que ten\u00eda un perro que lo quer\u00eda mucho, despu\u00e9s de su muerte el perro aullaba por las noches, la gente del pueblo dec\u00eda cuando escuchaba al animal que \u00e9ste lloraba amargamente por su due\u00f1a, los vecinos, imaginaban muchas cosas de terror, dec\u00edan que la due\u00f1a del perro ven\u00eda a verlo del mundo de las almas perdidas. Un muchacho del pueblo al escuchar los fuertes y lastimeros aullidos del perro, pregunt\u00f3 a un anciano, \u00bfporqu\u00e9 el perro a\u00falla muy feo que hasta se eriza la piel?, el anciano sabio le contest\u00f3: porque el perro puede ver las almas de los finados, puede ver que llega su due\u00f1a para verlo, para vigilar si el animal tiene comida y agua. Muchacho, esos animalitos que son los mejores amigos del hombre, se convierten en grande y entra\u00f1able amigo, que algunas personas cuando mueren, quisieran llevarse a su perro.<\/span><\/p>\n<p><span style=\"color: #000000;\"><\/span><\/p>\n<p><span style=\"color: #000000;\">En los d\u00edas de muertos puedes imaginar c\u00f3mo los perros ven c\u00f3mo van llegando las almas. El perro ve claramente materializado los esp\u00edritus y, las personas no tienen esa virtud, no tienen esa capacidad. El muchacho volvi\u00f3 a preguntar al anciano como es que el perro logra ver a las almas, el anciano le respondi\u00f3; los perros tienen en los ojos una sustancia m\u00e1gica que est\u00e1n en sus laga\u00f1as, esas chingui\u00f1as tienen un poder que llegan a convertir los ojos del animal en piedras preciosas en la oscuridad, llegan a centellar luces que hechizan y logran a distinguir lo inimaginable. Le dijo; si una persona le quita las laga\u00f1as al perro y luego se los pone sus ojos y se los frota, tambi\u00e9n podr\u00e1 ver y distinguir como el perro. El joven ind\u00edgena chontal de Huamelula qued\u00f3 impresionado por todo lo que el anciano sabio le cont\u00f3, tambi\u00e9n qued\u00f3 tentado por la curiosidad de experimentar la sensaci\u00f3n poni\u00e9ndose las laga\u00f1as del perro en sus ojos. Lleg\u00f3 el d\u00eda 1ro de noviembre d\u00eda que los chontales colocaron cirios, pusieron flores, mucha comida, agua, mezcal, frutas, antojitos, tamales, chocolate y m\u00e1s cosas que les gustaban a sus difuntos para que las almas vinieran a visitar a sus familiares y saborear como marca la tradici\u00f3n. El joven tuvo mucha curiosidad por saber si en verdad las almas de los muertos ven\u00edan y probaban la comida que les ofrec\u00edan ese d\u00eda de todosantos. Como el anciano le cont\u00f3 que los perros pueden ver a los esp\u00edritus, a \u00e9l se le meti\u00f3 fuertemente la idea de untarse y frotarse las laga\u00f1as de un perro, entonces; sus ojos lograr\u00edan ver a los difuntos, aunque algunos le advirtieron que no lo intentara porque le pod\u00eda pasar algo malo. \u00c9l no le hizo caso a ninguno. Esa misma tarde luego de poner un altar para que los difuntos pudieran venir, se tall\u00f3 los ojos con el pa\u00f1uelo que ten\u00eda laga\u00f1as de un perro y despu\u00e9s; se escondi\u00f3 en uno de los rincones de su casa para que los muertos no lo pudieran ver cuando llegaran a visitar y observar todo lo que pasara. No tard\u00f3 mucho cuando empez\u00f3 a o\u00edr muchas voces afuera de su casa, escuchaba que algunas mujeres y tambi\u00e9n ni\u00f1os jugando y riendo, \u00e9l joven ya estaba muy asustado, entonces de pronto; se abri\u00f3 la puerta y todas las personas entraron y se dirigieron directamente al altar, pero entre esas personas logr\u00f3 reconocer a su hermana que hab\u00eda fallecido un tiempo atr\u00e1s. De pronto vio que su hermana se acercaba al rinc\u00f3n donde estaba \u00e9l y le reclam\u00f3 dici\u00e9ndole: \u00bfpor qu\u00e9 te has atrevido a querer vernos, porqu\u00e9 lo has hecho?, por haber hecho esto, voy a llevarte conmigo&#8230; Al amanecer el muchacho ya no estaba bien del juicio, hablaba solo y deambulaba por el pueblo de San Pedro Huamelula, aullaba como el perro que lloraba por su due\u00f1a fallecida, se sentaba, pero antes de hacerlo, daba varias vueltas como queriendo morderse la cola, como se echan los perros.<\/span><\/p>\n<p><span style=\"color: #000000;\"><\/span><\/p>\n<p><span style=\"color: #000000;\">La gente del pueblo murmuraba cosas del joven, de la muerte, de los esp\u00edritus, del d\u00eda de los muertos. Dos d\u00edas despu\u00e9s de la celebraci\u00f3n del d\u00eda de todosantos, mientras la gente disfrutaba del espumoso chocolate caliente, de los ricos panes agridulce de Huamelula, de las variadas frutas, se iban consumiendo los cirios que fueron encendidos para los difuntos, tambi\u00e9n se estaba apagando la vida de este joven atrevido, osado, irrespetuoso que profan\u00f3 el d\u00eda sagrado que los mortales honran a sus fieles difuntos. Muri\u00f3 con los ojos desmesuradamente abiertos, con la boca abierta y seca de tanto aullar, y con la cara de horror por el terror que le caus\u00f3 al ver a los muertos\u2026 \u00bfT\u00fa quieres ponerte en los ojos las laga\u00f1as de un perro el d\u00eda de todosantos?<\/span><\/p>\n<p><span style=\"color: #000000;\"><\/span><\/p>\n<p><span style=\"color: #000000;\">FIN<\/span><\/p>\n<p><span style=\"color: #000000;\"><\/span><\/p>\n<p><span style=\"color: #000000;\">Autor. Jaime Z\u00e1rate Escamilla.<\/span><\/p>\n\t\t\t\t\t\t\t\t<\/div>\n\t\t\t\t<\/div>\n\t\t\t\t\t<\/div>\n\t\t<\/div>\n\t\t\t\t\t<\/div>\n\t\t<\/section>\n\t\t\t\t<\/div>\n\t\t","protected":false},"excerpt":{"rendered":"<p>(Memorias de mi pueblo) Esta leyenda tiene relaci\u00f3n al 1ro y 2 de noviembre que en M\u00e9xico se celebra el d\u00eda de los muertos. Sucedi\u00f3 que en el pueblo de San Pedro Huamelula muri\u00f3 una se\u00f1ora que ten\u00eda un perro que lo quer\u00eda mucho, despu\u00e9s de su muerte el perro aullaba por las noches, la [&hellip;]<\/p>\n","protected":false},"author":1,"featured_media":0,"parent":0,"menu_order":0,"comment_status":"closed","ping_status":"closed","template":"","meta":{"site-sidebar-layout":"default","site-content-layout":"","ast-site-content-layout":"default","site-content-style":"default","site-sidebar-style":"default","ast-global-header-display":"","ast-banner-title-visibility":"","ast-main-header-display":"","ast-hfb-above-header-display":"","ast-hfb-below-header-display":"","ast-hfb-mobile-header-display":"","site-post-title":"","ast-breadcrumbs-content":"","ast-featured-img":"","footer-sml-layout":"","theme-transparent-header-meta":"","adv-header-id-meta":"","stick-header-meta":"","header-above-stick-meta":"","header-main-stick-meta":"","header-below-stick-meta":"","astra-migrate-meta-layouts":"default","ast-page-background-enabled":"default","ast-page-background-meta":{"desktop":{"background-color":"var(--ast-global-color-4)","background-image":"","background-repeat":"repeat","background-position":"center center","background-size":"auto","background-attachment":"scroll","background-type":"","background-media":"","overlay-type":"","overlay-color":"","overlay-opacity":"","overlay-gradient":""},"tablet":{"background-color":"","background-image":"","background-repeat":"repeat","background-position":"center center","background-size":"auto","background-attachment":"scroll","background-type":"","background-media":"","overlay-type":"","overlay-color":"","overlay-opacity":"","overlay-gradient":""},"mobile":{"background-color":"","background-image":"","background-repeat":"repeat","background-position":"center center","background-size":"auto","background-attachment":"scroll","background-type":"","background-media":"","overlay-type":"","overlay-color":"","overlay-opacity":"","overlay-gradient":""}},"ast-content-background-meta":{"desktop":{"background-color":"var(--ast-global-color-5)","background-image":"","background-repeat":"repeat","background-position":"center center","background-size":"auto","background-attachment":"scroll","background-type":"","background-media":"","overlay-type":"","overlay-color":"","overlay-opacity":"","overlay-gradient":""},"tablet":{"background-color":"var(--ast-global-color-5)","background-image":"","background-repeat":"repeat","background-position":"center center","background-size":"auto","background-attachment":"scroll","background-type":"","background-media":"","overlay-type":"","overlay-color":"","overlay-opacity":"","overlay-gradient":""},"mobile":{"background-color":"var(--ast-global-color-5)","background-image":"","background-repeat":"repeat","background-position":"center center","background-size":"auto","background-attachment":"scroll","background-type":"","background-media":"","overlay-type":"","overlay-color":"","overlay-opacity":"","overlay-gradient":""}},"footnotes":""},"class_list":["post-832","page","type-page","status-publish","hentry"],"_links":{"self":[{"href":"https:\/\/jaimezarate.com\/index.php\/wp-json\/wp\/v2\/pages\/832","targetHints":{"allow":["GET"]}}],"collection":[{"href":"https:\/\/jaimezarate.com\/index.php\/wp-json\/wp\/v2\/pages"}],"about":[{"href":"https:\/\/jaimezarate.com\/index.php\/wp-json\/wp\/v2\/types\/page"}],"author":[{"embeddable":true,"href":"https:\/\/jaimezarate.com\/index.php\/wp-json\/wp\/v2\/users\/1"}],"replies":[{"embeddable":true,"href":"https:\/\/jaimezarate.com\/index.php\/wp-json\/wp\/v2\/comments?post=832"}],"version-history":[{"count":14,"href":"https:\/\/jaimezarate.com\/index.php\/wp-json\/wp\/v2\/pages\/832\/revisions"}],"predecessor-version":[{"id":862,"href":"https:\/\/jaimezarate.com\/index.php\/wp-json\/wp\/v2\/pages\/832\/revisions\/862"}],"wp:attachment":[{"href":"https:\/\/jaimezarate.com\/index.php\/wp-json\/wp\/v2\/media?parent=832"}],"curies":[{"name":"wp","href":"https:\/\/api.w.org\/{rel}","templated":true}]}}