{"id":16,"date":"2023-03-09T04:24:54","date_gmt":"2023-03-09T04:24:54","guid":{"rendered":"https:\/\/jaimezarate.com\/?page_id=16"},"modified":"2023-05-22T02:27:01","modified_gmt":"2023-05-22T02:27:01","slug":"sobremi","status":"publish","type":"page","link":"https:\/\/jaimezarate.com\/index.php\/sobremi\/","title":{"rendered":"Biograf\u00eda"},"content":{"rendered":"\t\t<div data-elementor-type=\"wp-page\" data-elementor-id=\"16\" class=\"elementor elementor-16\">\n\t\t\t\t\t\t<section class=\"elementor-section elementor-top-section elementor-element elementor-element-828eda5 elementor-section-full_width elementor-section-content-middle elementor-section-height-default elementor-section-height-default jltma-glass-effect-no\" data-id=\"828eda5\" data-element_type=\"section\">\n\t\t\t\t\t\t<div class=\"elementor-container elementor-column-gap-default\">\n\t\t\t\t\t<div class=\"elementor-column elementor-col-33 elementor-top-column elementor-element elementor-element-12aa15bf\" data-id=\"12aa15bf\" data-element_type=\"column\" data-settings=\"{&quot;background_background&quot;:&quot;classic&quot;}\">\n\t\t\t<div class=\"elementor-widget-wrap\">\n\t\t\t\t\t<div class=\"elementor-background-overlay\"><\/div>\n\t\t\t\t\t\t\t<\/div>\n\t\t<\/div>\n\t\t\t\t<div class=\"elementor-column elementor-col-66 elementor-top-column elementor-element elementor-element-378f9a14 jltma-glass-effect-no\" data-id=\"378f9a14\" data-element_type=\"column\">\n\t\t\t<div class=\"elementor-widget-wrap elementor-element-populated\">\n\t\t\t\t\t\t<div class=\"elementor-element elementor-element-6fc57276 jltma-glass-effect-no elementor-widget elementor-widget-text-editor\" data-id=\"6fc57276\" data-element_type=\"widget\" data-widget_type=\"text-editor.default\">\n\t\t\t\t<div class=\"elementor-widget-container\">\n\t\t\t\t\t\t\t\t\t<p style=\"text-align: left;\"><strong><span style=\"color: #333333;\">Jaime Z\u00e1rate Escamilla, ind\u00edgena chontal, es originario de San Pedro Huamelula, Oaxaca.<\/span><\/strong><\/p><p style=\"text-align: left;\"><span style=\"color: #333333;\">Naci\u00f3 el 14 de diciembre de 1954. Sus padres, Manuel Z\u00e1rate Ortega y Mar\u00eda Escamilla Robles, fueron oriundos del mismo lugar. Desde ni\u00f1o mostr\u00f3 gran inter\u00e9s por las danzas celebradas a lo largo del a\u00f1o en su tierra natal, y por conocer su significado y origen. En 2004, llev\u00f3 a cabo una recopilaci\u00f3n de melod\u00edas que acompa\u00f1an dichas danzas, en un CD llamado Huamelula, m\u00fasica y danzas, a trav\u00e9s del departamento de Etnomusicolog\u00eda de la entonces Comisi\u00f3n Nacional para el Desarrollo de los Pueblos Ind\u00edgenas (cdi), actualmente Instituto Nacional de los Pueblos Ind\u00edgenas (inpi), en coordinaci\u00f3n con el ayuntamiento municipal de San Pedro Huamelula. Anexo al audio aparece un folleto ilustrativo escrito por Z\u00e1rate Escamilla. En junio de 2006, gestion\u00f3 la filmaci\u00f3n de un documental producido por el departamento de Cine y Video ind\u00edgena de la Delegaci\u00f3n Estatal de Oaxaca de la cdi, en donde se muestra a Huamelula en su m\u00e1xima expresi\u00f3n danc\u00edstica, festejando al patr\u00f3n San Pedro. Jaime aport\u00f3 la investigaci\u00f3n y escribi\u00f3 el guion para la edici\u00f3n de dicho video. Sus investigaciones han sido difundidas y promovidas por \u00e9l mismo a trav\u00e9s de algunas estaciones de radio; tambi\u00e9n ha rescatado un sinn\u00famero de materiales acerca de las tradiciones de su regi\u00f3n chontal zona baja.<\/span><\/p><p style=\"text-align: left;\"><span style=\"color: #333333;\">Curs\u00f3 la educaci\u00f3n primaria en la escuela:<\/span><\/p><p style=\"text-align: left;\"><span style=\"color: #333333;\">Ignacio M. Altamirano de la poblaci\u00f3n 1961-1966.<\/span><\/p>\t\t\t\t\t\t\t\t<\/div>\n\t\t\t\t<\/div>\n\t\t\t\t\t<\/div>\n\t\t<\/div>\n\t\t\t\t\t<\/div>\n\t\t<\/section>\n\t\t\t\t<section class=\"elementor-section elementor-top-section elementor-element elementor-element-bb1726b elementor-section-boxed elementor-section-height-default elementor-section-height-default jltma-glass-effect-no\" data-id=\"bb1726b\" data-element_type=\"section\">\n\t\t\t\t\t\t<div class=\"elementor-container elementor-column-gap-default\">\n\t\t\t\t\t<div class=\"elementor-column elementor-col-100 elementor-top-column elementor-element elementor-element-33dad94 jltma-glass-effect-no\" data-id=\"33dad94\" data-element_type=\"column\">\n\t\t\t<div class=\"elementor-widget-wrap elementor-element-populated\">\n\t\t\t\t\t\t<div class=\"elementor-element elementor-element-2e51964 jltma-glass-effect-no elementor-widget elementor-widget-text-editor\" data-id=\"2e51964\" data-element_type=\"widget\" data-widget_type=\"text-editor.default\">\n\t\t\t\t<div class=\"elementor-widget-container\">\n\t\t\t\t\t\t\t\t\t<p><span style=\"color: #333333;\">Emigr\u00f3 a la Ciudad de M\u00e9xico para estudiar la educaci\u00f3n secundaria en la Pre vocacional N\u00famero 6 del Instituto Polit\u00e9cnico Nacional, la situaci\u00f3n econ\u00f3mica fue muy dif\u00edcil y volvi\u00f3\u00a0 posteriormente a su tierra natal donde su padre lo volvi\u00f3 a encaminarse a la dif\u00edcil actividad de arriero que ya desde m\u00e1s ni\u00f1o hab\u00eda iniciado, tiempo despu\u00e9s; curs\u00f3 algunos estudios t\u00e9cnicos en la Escuela de Capacitaci\u00f3n de la Secretar\u00eda de Marina de Dique Seco N\u00fam. 8 de puerto de Salina Cruz Oaxaca que posteriormente cerr\u00f3 sus salones de clases. Movido por la necesidad de trabajar para subsistir, se embarc\u00f3 hacia alta mar en una embarcaci\u00f3n de madera pesquera-camaronera (R\u00edo Jano) en el Puerto de Salina Cruz, Oaxaca por el tiempo de cuatro a\u00f1os y cinco meses.<\/span><\/p><p><span style=\"color: #333333;\">Volvi\u00f3 a la Ciudad de M\u00e9xico donde se emple\u00f3 en una f\u00e1brica de muebles para consolas y televisores, simult\u00e1neamente recib\u00eda cursos de Basquetbol en los gimnasios del Inst. Nal. de la juventud\u00a0 (INJUVE) y de B\u00e9isbol en la liga Fray Nano, de donde tiempo despu\u00e9s firm\u00f3 y jug\u00f3 en los equipos de Tabasco y Veracruz de la liga Metropolitana de M\u00e9xico<\/span><\/p><p><span style=\"color: #333333;\">El primero de abril de 1975, firm\u00f3 como jugador de b\u00e9isbol en la Universidad Nacional Aut\u00f3noma de M\u00e9xico para reforzar al equipo de la Facultad de Qu\u00edmica y pertenecer a la selecci\u00f3n de la UNAM, donde 30 a\u00f1os m\u00e1s tarde fue jubilado por a\u00f1os de trabajo.<\/span><\/p><p><span style=\"color: #333333;\">Su abuelo paterno fue destacado maestro de m\u00fasica en la poblaci\u00f3n, dominando la ejecuci\u00f3n de varios instrumentos musicales y dej\u00f3 como herencia\u00a0 a sus hijos el oficio de maestros filarm\u00f3nicos, por ende, desde ni\u00f1o Jaime quiso ser m\u00fasico queriendo integrar en los grupos musicales de la familia Z\u00e1rate pero su padre no le permiti\u00f3, siempre tuvo el gusto por la m\u00fasica. Fabricando y ejecutando la flauta de carrizo acompa\u00f1ado por otros ni\u00f1os quienes tocaban los tambores mientras otros ni\u00f1os bailaban las danzas.<\/span><\/p>\t\t\t\t\t\t\t\t<\/div>\n\t\t\t\t<\/div>\n\t\t\t\t\t<\/div>\n\t\t<\/div>\n\t\t\t\t\t<\/div>\n\t\t<\/section>\n\t\t\t\t<section class=\"elementor-section elementor-top-section elementor-element elementor-element-63ac510 elementor-section-boxed elementor-section-height-default elementor-section-height-default jltma-glass-effect-no\" data-id=\"63ac510\" data-element_type=\"section\">\n\t\t\t\t\t\t<div class=\"elementor-container elementor-column-gap-default\">\n\t\t\t\t\t<div class=\"elementor-column elementor-col-100 elementor-top-column elementor-element elementor-element-5b99795 jltma-glass-effect-no\" data-id=\"5b99795\" data-element_type=\"column\">\n\t\t\t<div class=\"elementor-widget-wrap elementor-element-populated\">\n\t\t\t\t\t\t<div class=\"elementor-element elementor-element-aadae4a jltma-glass-effect-no elementor-widget elementor-widget-text-editor\" data-id=\"aadae4a\" data-element_type=\"widget\" data-widget_type=\"text-editor.default\">\n\t\t\t\t<div class=\"elementor-widget-container\">\n\t\t\t\t\t\t\t\t\t<p><span style=\"color: #333333;\">Hasta aproximadamente a los treinta a\u00f1os, aprendi\u00f3 escasamente este arte que con el tiempo, fue mejorando por su constancia y virtualidad,\u00a0 posteriormente incursion\u00f3 en varios grupos musicales de voces y cuerdas, a\u00f1os despu\u00e9s; fund\u00f3 un trio de voces y guitarras llamado \u201cLos Soles de Am\u00e9rica\u201d en el que grabaron varias melod\u00edas incluyendo las de su autor\u00eda en la casa disquera \u201cDiscos Ciudad\u201d en la ciudad de M\u00e9xico\u00a0 incluso posteriormente; fue invitado a grabar con el trio Montealban de Oaxaca en la disquera \u201cAlfa Records\u201d y por \u00faltimo canciones rancheras y boleros rom\u00e1nticos en la primera casa grabadora antes mencionada, en donde a\u00fan est\u00e1n presentes los temas rancheros interpretados y acompa\u00f1ados con mariachi.<\/span><\/p><p><span style=\"color: #333333;\">Es autor de poes\u00edas y compositor de melod\u00edas y canciones de diferentes g\u00e9neros y para distintos lugares, donde le canta al amor y desamor, indiscutiblemente tambi\u00e9n a la regi\u00f3n del istmo, a la costa de Huatulco y a su Regi\u00f3n Chontal, de \u201cchilenas\u201d, que son: \u201cChilena Chontal\u201d, \u201cSantiago Astata\u201d, \u201cHuamelula Sierra y Costa\u201d y \u201cCanto a Huatulco\u201d, y varias m\u00e1s en el que describe con alegr\u00eda y amor a su pueblo y a su gente. Arreglista e int\u00e9rprete, Ejecutante de la guitarra, instrumento con el que se acompa\u00f1a en presentaciones en el Distrito Federal y en diferentes escenarios de M\u00e9xico.<\/span><\/p><p><span style=\"color: #333333;\">Ha sido promotor de cultura y por muchos a\u00f1os cronista municipal.<\/span><\/p><p><span style=\"color: #333333;\">En el a\u00f1o de 2007, hizo una cuantiosa e importante recopilaci\u00f3n de un recuento hist\u00f3rico, Jaime Z\u00e1rate escamilla, es un hombre polifac\u00e9tico que tambi\u00e9n le apasiona la investigaci\u00f3n sobre la historia, cuentos y leyendas, que describe el significado de las danzas antiguas que se bailan en cada celebraci\u00f3n importante de la poblaci\u00f3n en todo el a\u00f1o, tambi\u00e9n aporta datos interesantes como una relaci\u00f3n de los presidentes municipales quienes sirvieron al H. ayuntamiento municipal desde el a\u00f1o 1919 hasta esta fecha\u00a0 2022-2023.<\/span><\/p>\t\t\t\t\t\t\t\t<\/div>\n\t\t\t\t<\/div>\n\t\t\t\t\t<\/div>\n\t\t<\/div>\n\t\t\t\t\t<\/div>\n\t\t<\/section>\n\t\t\t\t<section class=\"elementor-section elementor-top-section elementor-element elementor-element-649a2aea elementor-section-content-middle elementor-section-boxed elementor-section-height-default elementor-section-height-default jltma-glass-effect-no\" data-id=\"649a2aea\" data-element_type=\"section\" data-settings=\"{&quot;background_background&quot;:&quot;classic&quot;}\">\n\t\t\t\t\t\t\t<div class=\"elementor-background-overlay\"><\/div>\n\t\t\t\t\t\t\t<div class=\"elementor-container elementor-column-gap-no\">\n\t\t\t\t\t<div class=\"elementor-column elementor-col-100 elementor-top-column elementor-element elementor-element-49bf4735 jltma-glass-effect-no\" data-id=\"49bf4735\" data-element_type=\"column\">\n\t\t\t<div class=\"elementor-widget-wrap elementor-element-populated\">\n\t\t\t\t\t\t<div class=\"elementor-element elementor-element-18cbd906 jltma-glass-effect-no elementor-widget elementor-widget-heading\" data-id=\"18cbd906\" data-element_type=\"widget\" data-widget_type=\"heading.default\">\n\t\t\t\t<div class=\"elementor-widget-container\">\n\t\t\t\t\t<h4 class=\"elementor-heading-title elementor-size-default\">Hombre con esp\u00edritu y alma apasionada a la investigaci\u00f3n e historia, escritor de cuentos, leyendas, poes\u00eda y canciones.<br><\/h4>\t\t\t\t<\/div>\n\t\t\t\t<\/div>\n\t\t\t\t\t<\/div>\n\t\t<\/div>\n\t\t\t\t\t<\/div>\n\t\t<\/section>\n\t\t\t\t<section class=\"elementor-section elementor-top-section elementor-element elementor-element-2a6e5ed elementor-section-boxed elementor-section-height-default elementor-section-height-default jltma-glass-effect-no\" data-id=\"2a6e5ed\" data-element_type=\"section\">\n\t\t\t\t\t\t<div class=\"elementor-container elementor-column-gap-default\">\n\t\t\t\t\t<div class=\"elementor-column elementor-col-100 elementor-top-column elementor-element elementor-element-33d3d04 jltma-glass-effect-no\" data-id=\"33d3d04\" data-element_type=\"column\">\n\t\t\t<div class=\"elementor-widget-wrap elementor-element-populated\">\n\t\t\t\t\t\t<div class=\"elementor-element elementor-element-bfc2541 elementor-widget-divider--view-line jltma-glass-effect-no elementor-widget elementor-widget-divider\" data-id=\"bfc2541\" data-element_type=\"widget\" data-widget_type=\"divider.default\">\n\t\t\t\t<div class=\"elementor-widget-container\">\n\t\t\t\t\t\t\t<div class=\"elementor-divider\">\n\t\t\t<span class=\"elementor-divider-separator\">\n\t\t\t\t\t\t<\/span>\n\t\t<\/div>\n\t\t\t\t\t\t<\/div>\n\t\t\t\t<\/div>\n\t\t\t\t\t<\/div>\n\t\t<\/div>\n\t\t\t\t\t<\/div>\n\t\t<\/section>\n\t\t\t\t<footer class=\"elementor-section elementor-top-section elementor-element elementor-element-6584221a elementor-section-content-middle elementor-section-boxed elementor-section-height-default elementor-section-height-default jltma-glass-effect-no\" data-id=\"6584221a\" data-element_type=\"section\">\n\t\t\t\t\t\t<div class=\"elementor-container elementor-column-gap-no\">\n\t\t\t\t\t<div class=\"elementor-column elementor-col-25 elementor-top-column elementor-element elementor-element-24bd9561 jltma-glass-effect-no\" data-id=\"24bd9561\" data-element_type=\"column\">\n\t\t\t<div class=\"elementor-widget-wrap elementor-element-populated\">\n\t\t\t\t\t\t<div class=\"elementor-element elementor-element-6bf72485 jltma-glass-effect-no elementor-widget elementor-widget-image\" data-id=\"6bf72485\" data-element_type=\"widget\" data-widget_type=\"image.default\">\n\t\t\t\t<div class=\"elementor-widget-container\">\n\t\t\t\t\t\t\t\t\t\t\t\t\t\t\t<img fetchpriority=\"high\" decoding=\"async\" width=\"512\" height=\"512\" src=\"https:\/\/jaimezarate.com\/wp-content\/uploads\/2023\/04\/cropped-JZ.png\" class=\"attachment-full size-full wp-image-190\" alt=\"\" srcset=\"https:\/\/jaimezarate.com\/wp-content\/uploads\/2023\/04\/cropped-JZ.png 512w, https:\/\/jaimezarate.com\/wp-content\/uploads\/2023\/04\/cropped-JZ-300x300.png 300w, https:\/\/jaimezarate.com\/wp-content\/uploads\/2023\/04\/cropped-JZ-150x150.png 150w, https:\/\/jaimezarate.com\/wp-content\/uploads\/2023\/04\/cropped-JZ-270x270.png 270w, https:\/\/jaimezarate.com\/wp-content\/uploads\/2023\/04\/cropped-JZ-192x192.png 192w, https:\/\/jaimezarate.com\/wp-content\/uploads\/2023\/04\/cropped-JZ-180x180.png 180w, https:\/\/jaimezarate.com\/wp-content\/uploads\/2023\/04\/cropped-JZ-32x32.png 32w\" sizes=\"(max-width: 512px) 100vw, 512px\" \/>\t\t\t\t\t\t\t\t\t\t\t\t\t\t\t<\/div>\n\t\t\t\t<\/div>\n\t\t\t\t\t<\/div>\n\t\t<\/div>\n\t\t\t\t<div class=\"elementor-column elementor-col-50 elementor-top-column elementor-element elementor-element-74e0d1a6 jltma-glass-effect-no\" data-id=\"74e0d1a6\" data-element_type=\"column\">\n\t\t\t<div class=\"elementor-widget-wrap elementor-element-populated\">\n\t\t\t\t\t\t<div class=\"elementor-element elementor-element-1d48bda6 elementor-icon-list--layout-inline elementor-tablet-align-center elementor-align-center elementor-list-item-link-full_width jltma-glass-effect-no elementor-widget elementor-widget-icon-list\" data-id=\"1d48bda6\" data-element_type=\"widget\" data-widget_type=\"icon-list.default\">\n\t\t\t\t<div class=\"elementor-widget-container\">\n\t\t\t\t\t\t\t<ul class=\"elementor-icon-list-items elementor-inline-items\">\n\t\t\t\t\t\t\t<li class=\"elementor-icon-list-item elementor-inline-item\">\n\t\t\t\t\t\t\t\t\t\t\t<a href=\"https:\/\/jaimezarate.com\/index.php\/sobremi\/\">\n\n\t\t\t\t\t\t\t\t\t\t\t<span class=\"elementor-icon-list-text\">Sobre m\u00ed<\/span>\n\t\t\t\t\t\t\t\t\t\t\t<\/a>\n\t\t\t\t\t\t\t\t\t<\/li>\n\t\t\t\t\t\t\t\t<li class=\"elementor-icon-list-item elementor-inline-item\">\n\t\t\t\t\t\t\t\t\t\t\t<a href=\"https:\/\/jaimezarate.com\/index.php\/contacto\/\">\n\n\t\t\t\t\t\t\t\t\t\t\t<span class=\"elementor-icon-list-text\">Contacto<\/span>\n\t\t\t\t\t\t\t\t\t\t\t<\/a>\n\t\t\t\t\t\t\t\t\t<\/li>\n\t\t\t\t\t\t\t\t<li class=\"elementor-icon-list-item elementor-inline-item\">\n\t\t\t\t\t\t\t\t\t\t\t<a href=\"https:\/\/jaimezarate.com\/\">\n\n\t\t\t\t\t\t\t\t\t\t\t<span class=\"elementor-icon-list-text\">Pol\u00edtica de privacidad<\/span>\n\t\t\t\t\t\t\t\t\t\t\t<\/a>\n\t\t\t\t\t\t\t\t\t<\/li>\n\t\t\t\t\t\t<\/ul>\n\t\t\t\t\t\t<\/div>\n\t\t\t\t<\/div>\n\t\t\t\t\t<\/div>\n\t\t<\/div>\n\t\t\t\t<div class=\"elementor-column elementor-col-25 elementor-top-column elementor-element elementor-element-495f7bef jltma-glass-effect-no\" data-id=\"495f7bef\" data-element_type=\"column\">\n\t\t\t<div class=\"elementor-widget-wrap elementor-element-populated\">\n\t\t\t\t\t\t<div class=\"elementor-element elementor-element-3a768994 e-grid-align-tablet-right e-grid-align-mobile-center elementor-widget-mobile__width-inherit elementor-shape-rounded elementor-grid-0 e-grid-align-center jltma-glass-effect-no elementor-widget elementor-widget-social-icons\" data-id=\"3a768994\" data-element_type=\"widget\" data-widget_type=\"social-icons.default\">\n\t\t\t\t<div class=\"elementor-widget-container\">\n\t\t\t\t\t\t\t<div class=\"elementor-social-icons-wrapper elementor-grid\">\n\t\t\t\t\t\t\t<span class=\"elementor-grid-item\">\n\t\t\t\t\t<a class=\"elementor-icon elementor-social-icon elementor-social-icon-facebook elementor-repeater-item-3f1b7ac\" target=\"_blank\">\n\t\t\t\t\t\t<span class=\"elementor-screen-only\">Facebook<\/span>\n\t\t\t\t\t\t<i aria-hidden=\"true\" class=\"fab fa-facebook\"><\/i>\t\t\t\t\t<\/a>\n\t\t\t\t<\/span>\n\t\t\t\t\t<\/div>\n\t\t\t\t\t\t<\/div>\n\t\t\t\t<\/div>\n\t\t\t\t\t<\/div>\n\t\t<\/div>\n\t\t\t\t\t<\/div>\n\t\t<\/footer>\n\t\t\t\t<\/div>\n\t\t","protected":false},"excerpt":{"rendered":"<p>Jaime Z\u00e1rate Escamilla, ind\u00edgena chontal, es originario de San Pedro Huamelula, Oaxaca. Naci\u00f3 el 14 de diciembre de 1954. Sus padres, Manuel Z\u00e1rate Ortega y Mar\u00eda Escamilla Robles, fueron oriundos del mismo lugar. Desde ni\u00f1o mostr\u00f3 gran inter\u00e9s por las danzas celebradas a lo largo del a\u00f1o en su tierra natal, y por conocer su [&hellip;]<\/p>\n","protected":false},"author":1,"featured_media":0,"parent":0,"menu_order":0,"comment_status":"closed","ping_status":"closed","template":"","meta":{"site-sidebar-layout":"no-sidebar","site-content-layout":"page-builder","ast-site-content-layout":"default","site-content-style":"default","site-sidebar-style":"default","ast-global-header-display":"","ast-banner-title-visibility":"","ast-main-header-display":"","ast-hfb-above-header-display":"","ast-hfb-below-header-display":"","ast-hfb-mobile-header-display":"","site-post-title":"disabled","ast-breadcrumbs-content":"","ast-featured-img":"disabled","footer-sml-layout":"","theme-transparent-header-meta":"","adv-header-id-meta":"","stick-header-meta":"","header-above-stick-meta":"","header-main-stick-meta":"","header-below-stick-meta":"","astra-migrate-meta-layouts":"default","ast-page-background-enabled":"default","ast-page-background-meta":{"desktop":{"background-color":"var(--ast-global-color-4)","background-image":"","background-repeat":"repeat","background-position":"center center","background-size":"auto","background-attachment":"scroll","background-type":"","background-media":"","overlay-type":"","overlay-color":"","overlay-opacity":"","overlay-gradient":""},"tablet":{"background-color":"","background-image":"","background-repeat":"repeat","background-position":"center center","background-size":"auto","background-attachment":"scroll","background-type":"","background-media":"","overlay-type":"","overlay-color":"","overlay-opacity":"","overlay-gradient":""},"mobile":{"background-color":"","background-image":"","background-repeat":"repeat","background-position":"center center","background-size":"auto","background-attachment":"scroll","background-type":"","background-media":"","overlay-type":"","overlay-color":"","overlay-opacity":"","overlay-gradient":""}},"ast-content-background-meta":{"desktop":{"background-color":"var(--ast-global-color-5)","background-image":"","background-repeat":"repeat","background-position":"center center","background-size":"auto","background-attachment":"scroll","background-type":"","background-media":"","overlay-type":"","overlay-color":"","overlay-opacity":"","overlay-gradient":""},"tablet":{"background-color":"var(--ast-global-color-5)","background-image":"","background-repeat":"repeat","background-position":"center center","background-size":"auto","background-attachment":"scroll","background-type":"","background-media":"","overlay-type":"","overlay-color":"","overlay-opacity":"","overlay-gradient":""},"mobile":{"background-color":"var(--ast-global-color-5)","background-image":"","background-repeat":"repeat","background-position":"center center","background-size":"auto","background-attachment":"scroll","background-type":"","background-media":"","overlay-type":"","overlay-color":"","overlay-opacity":"","overlay-gradient":""}},"footnotes":""},"class_list":["post-16","page","type-page","status-publish","hentry"],"_links":{"self":[{"href":"https:\/\/jaimezarate.com\/index.php\/wp-json\/wp\/v2\/pages\/16","targetHints":{"allow":["GET"]}}],"collection":[{"href":"https:\/\/jaimezarate.com\/index.php\/wp-json\/wp\/v2\/pages"}],"about":[{"href":"https:\/\/jaimezarate.com\/index.php\/wp-json\/wp\/v2\/types\/page"}],"author":[{"embeddable":true,"href":"https:\/\/jaimezarate.com\/index.php\/wp-json\/wp\/v2\/users\/1"}],"replies":[{"embeddable":true,"href":"https:\/\/jaimezarate.com\/index.php\/wp-json\/wp\/v2\/comments?post=16"}],"version-history":[{"count":58,"href":"https:\/\/jaimezarate.com\/index.php\/wp-json\/wp\/v2\/pages\/16\/revisions"}],"predecessor-version":[{"id":783,"href":"https:\/\/jaimezarate.com\/index.php\/wp-json\/wp\/v2\/pages\/16\/revisions\/783"}],"wp:attachment":[{"href":"https:\/\/jaimezarate.com\/index.php\/wp-json\/wp\/v2\/media?parent=16"}],"curies":[{"name":"wp","href":"https:\/\/api.w.org\/{rel}","templated":true}]}}