{"id":11,"date":"2023-03-09T04:24:05","date_gmt":"2023-03-09T04:24:05","guid":{"rendered":"https:\/\/jaimezarate.com\/?page_id=11"},"modified":"2023-05-29T04:41:11","modified_gmt":"2023-05-29T04:41:11","slug":"inicio","status":"publish","type":"page","link":"https:\/\/jaimezarate.com\/","title":{"rendered":"Inicio"},"content":{"rendered":"\t\t<div data-elementor-type=\"wp-page\" data-elementor-id=\"11\" class=\"elementor elementor-11\">\n\t\t\t\t\t\t<section class=\"elementor-section elementor-top-section elementor-element elementor-element-655b1332 elementor-section-content-middle elementor-section-boxed elementor-section-height-default elementor-section-height-default jltma-glass-effect-no\" data-id=\"655b1332\" data-element_type=\"section\">\n\t\t\t\t\t\t<div class=\"elementor-container elementor-column-gap-no\">\n\t\t\t\t\t<div class=\"elementor-column elementor-col-100 elementor-top-column elementor-element elementor-element-1c550f0f jltma-glass-effect-no\" data-id=\"1c550f0f\" data-element_type=\"column\">\n\t\t\t<div class=\"elementor-widget-wrap elementor-element-populated\">\n\t\t\t\t\t\t<div class=\"elementor-element elementor-element-25ff6a1 jltma-glass-effect-no elementor-widget elementor-widget-heading\" data-id=\"25ff6a1\" data-element_type=\"widget\" data-widget_type=\"heading.default\">\n\t\t\t\t<div class=\"elementor-widget-container\">\n\t\t\t\t\t<h1 class=\"elementor-heading-title elementor-size-large\">M\u00fasico, escritor, compositor, cronista<\/h1>\t\t\t\t<\/div>\n\t\t\t\t<\/div>\n\t\t\t\t<div class=\"elementor-element elementor-element-2d352e8a jltma-glass-effect-no elementor-widget elementor-widget-image\" data-id=\"2d352e8a\" data-element_type=\"widget\" data-widget_type=\"image.default\">\n\t\t\t\t<div class=\"elementor-widget-container\">\n\t\t\t\t\t\t\t\t\t\t\t\t\t\t\t<img fetchpriority=\"high\" decoding=\"async\" width=\"2560\" height=\"1707\" src=\"https:\/\/jaimezarate.com\/wp-content\/uploads\/2023\/05\/Jaime-Zarate.-Casa-de-la-Cultura-scaled.jpg\" class=\"attachment-full size-full wp-image-762\" alt=\"\" srcset=\"https:\/\/jaimezarate.com\/wp-content\/uploads\/2023\/05\/Jaime-Zarate.-Casa-de-la-Cultura-scaled.jpg 2560w, https:\/\/jaimezarate.com\/wp-content\/uploads\/2023\/05\/Jaime-Zarate.-Casa-de-la-Cultura-300x200.jpg 300w, https:\/\/jaimezarate.com\/wp-content\/uploads\/2023\/05\/Jaime-Zarate.-Casa-de-la-Cultura-1024x683.jpg 1024w, https:\/\/jaimezarate.com\/wp-content\/uploads\/2023\/05\/Jaime-Zarate.-Casa-de-la-Cultura-768x512.jpg 768w, https:\/\/jaimezarate.com\/wp-content\/uploads\/2023\/05\/Jaime-Zarate.-Casa-de-la-Cultura-1536x1024.jpg 1536w, https:\/\/jaimezarate.com\/wp-content\/uploads\/2023\/05\/Jaime-Zarate.-Casa-de-la-Cultura-2048x1365.jpg 2048w\" sizes=\"(max-width: 2560px) 100vw, 2560px\" \/>\t\t\t\t\t\t\t\t\t\t\t\t\t\t\t<\/div>\n\t\t\t\t<\/div>\n\t\t\t\t<div class=\"elementor-element elementor-element-49073828 jltma-glass-effect-no elementor-widget elementor-widget-text-editor\" data-id=\"49073828\" data-element_type=\"widget\" data-widget_type=\"text-editor.default\">\n\t\t\t\t<div class=\"elementor-widget-container\">\n\t\t\t\t\t\t\t\t\t<p>Ind\u00edgena chontal, es originario de San Pedro Huamelula, Oaxaca.<\/p><p>Naci\u00f3 el 14 de diciembre de 1954. Sus padres, Manuel Z\u00e1rate Ortega y Mar\u00eda Escamilla Robles, fueron oriundos del mismo lugar. Desde ni\u00f1o mostr\u00f3 gran inter\u00e9s por las danzas celebradas a lo largo del a\u00f1o en su tierra natal, y por conocer su significado y origen. En 2004, llev\u00f3 a cabo una recopilaci\u00f3n de melod\u00edas que acompa\u00f1an dichas danzas, en un cd llamado Huamelula, m\u00fasica y danzas, a trav\u00e9s del departamento de Etnomusicolog\u00eda de la entonces Comisi\u00f3n Nacional para el Desarrollo de los Pueblos Ind\u00edgenas (CDI), actualmente Instituto Nacional de los Pueblos Ind\u00edgenas (INPI), en coordinaci\u00f3n con el ayuntamiento municipal de San Pedro Huamelula.<\/p>\t\t\t\t\t\t\t\t<\/div>\n\t\t\t\t<\/div>\n\t\t\t\t<div class=\"elementor-element elementor-element-9ffbd14 elementor-button-info elementor-align-center jltma-glass-effect-no elementor-widget elementor-widget-button\" data-id=\"9ffbd14\" data-element_type=\"widget\" data-widget_type=\"button.default\">\n\t\t\t\t<div class=\"elementor-widget-container\">\n\t\t\t\t\t\t\t\t\t<div class=\"elementor-button-wrapper\">\n\t\t\t\t\t<a class=\"elementor-button elementor-button-link elementor-size-md\" href=\"http:\/\/jaimezarate.com\/index.php\/sobremi\/\">\n\t\t\t\t\t\t<span class=\"elementor-button-content-wrapper\">\n\t\t\t\t\t\t\t\t\t<span class=\"elementor-button-text\">Seguir leyendo...<\/span>\n\t\t\t\t\t<\/span>\n\t\t\t\t\t<\/a>\n\t\t\t\t<\/div>\n\t\t\t\t\t\t\t\t<\/div>\n\t\t\t\t<\/div>\n\t\t\t\t\t<\/div>\n\t\t<\/div>\n\t\t\t\t\t<\/div>\n\t\t<\/section>\n\t\t\t\t<section class=\"elementor-section elementor-top-section elementor-element elementor-element-d8554b7 elementor-section-boxed elementor-section-height-default elementor-section-height-default jltma-glass-effect-no\" data-id=\"d8554b7\" data-element_type=\"section\">\n\t\t\t\t\t\t<div class=\"elementor-container elementor-column-gap-default\">\n\t\t\t\t\t<div class=\"elementor-column elementor-col-50 elementor-top-column elementor-element elementor-element-a8d649e jltma-glass-effect-no\" data-id=\"a8d649e\" data-element_type=\"column\">\n\t\t\t<div class=\"elementor-widget-wrap elementor-element-populated\">\n\t\t\t\t\t\t<div class=\"elementor-element elementor-element-8441eab jltma-glass-effect-no elementor-widget elementor-widget-image\" data-id=\"8441eab\" data-element_type=\"widget\" data-widget_type=\"image.default\">\n\t\t\t\t<div class=\"elementor-widget-container\">\n\t\t\t\t\t\t\t\t\t\t\t\t\t\t\t\t<a href=\"https:\/\/jaimezarate.com\/index.php\/galeria\/\">\n\t\t\t\t\t\t\t<img decoding=\"async\" width=\"1024\" height=\"731\" src=\"https:\/\/jaimezarate.com\/wp-content\/uploads\/2023\/05\/JaimeZarateFoto_0012_19-090-4.-ESCRIBANO-REY-MAHOMA-SAN-MARTIN-Y-ESCRIBANO-1024x731.jpg\" class=\"attachment-large size-large wp-image-465\" alt=\"\" srcset=\"https:\/\/jaimezarate.com\/wp-content\/uploads\/2023\/05\/JaimeZarateFoto_0012_19-090-4.-ESCRIBANO-REY-MAHOMA-SAN-MARTIN-Y-ESCRIBANO-1024x731.jpg 1024w, https:\/\/jaimezarate.com\/wp-content\/uploads\/2023\/05\/JaimeZarateFoto_0012_19-090-4.-ESCRIBANO-REY-MAHOMA-SAN-MARTIN-Y-ESCRIBANO-300x214.jpg 300w, https:\/\/jaimezarate.com\/wp-content\/uploads\/2023\/05\/JaimeZarateFoto_0012_19-090-4.-ESCRIBANO-REY-MAHOMA-SAN-MARTIN-Y-ESCRIBANO-768x549.jpg 768w, https:\/\/jaimezarate.com\/wp-content\/uploads\/2023\/05\/JaimeZarateFoto_0012_19-090-4.-ESCRIBANO-REY-MAHOMA-SAN-MARTIN-Y-ESCRIBANO-1536x1097.jpg 1536w, https:\/\/jaimezarate.com\/wp-content\/uploads\/2023\/05\/JaimeZarateFoto_0012_19-090-4.-ESCRIBANO-REY-MAHOMA-SAN-MARTIN-Y-ESCRIBANO-2048x1463.jpg 2048w\" sizes=\"(max-width: 1024px) 100vw, 1024px\" \/>\t\t\t\t\t\t\t\t<\/a>\n\t\t\t\t\t\t\t\t\t\t\t\t\t\t\t<\/div>\n\t\t\t\t<\/div>\n\t\t\t\t\t<\/div>\n\t\t<\/div>\n\t\t\t\t<div class=\"elementor-column elementor-col-50 elementor-top-column elementor-element elementor-element-7c4185b jltma-glass-effect-no\" data-id=\"7c4185b\" data-element_type=\"column\">\n\t\t\t<div class=\"elementor-widget-wrap elementor-element-populated\">\n\t\t\t\t\t\t<div class=\"elementor-element elementor-element-adab957 jltma-glass-effect-no elementor-widget elementor-widget-image\" data-id=\"adab957\" data-element_type=\"widget\" data-widget_type=\"image.default\">\n\t\t\t\t<div class=\"elementor-widget-container\">\n\t\t\t\t\t\t\t\t\t\t\t\t\t\t\t\t<a href=\"https:\/\/jaimezarate.com\/index.php\/galeria\/\">\n\t\t\t\t\t\t\t<img decoding=\"async\" width=\"1024\" height=\"731\" src=\"https:\/\/jaimezarate.com\/wp-content\/uploads\/2023\/05\/JaimeZarateFoto_0005_img010-1024x731.jpg\" class=\"attachment-large size-large wp-image-458\" alt=\"\" srcset=\"https:\/\/jaimezarate.com\/wp-content\/uploads\/2023\/05\/JaimeZarateFoto_0005_img010-1024x731.jpg 1024w, https:\/\/jaimezarate.com\/wp-content\/uploads\/2023\/05\/JaimeZarateFoto_0005_img010-300x214.jpg 300w, https:\/\/jaimezarate.com\/wp-content\/uploads\/2023\/05\/JaimeZarateFoto_0005_img010-768x549.jpg 768w, https:\/\/jaimezarate.com\/wp-content\/uploads\/2023\/05\/JaimeZarateFoto_0005_img010-1536x1097.jpg 1536w, https:\/\/jaimezarate.com\/wp-content\/uploads\/2023\/05\/JaimeZarateFoto_0005_img010-2048x1463.jpg 2048w\" sizes=\"(max-width: 1024px) 100vw, 1024px\" \/>\t\t\t\t\t\t\t\t<\/a>\n\t\t\t\t\t\t\t\t\t\t\t\t\t\t\t<\/div>\n\t\t\t\t<\/div>\n\t\t\t\t\t<\/div>\n\t\t<\/div>\n\t\t\t\t\t<\/div>\n\t\t<\/section>\n\t\t\t\t<section class=\"elementor-section elementor-top-section elementor-element elementor-element-50a2ab47 elementor-section-content-middle elementor-section-boxed elementor-section-height-default elementor-section-height-default jltma-glass-effect-no\" data-id=\"50a2ab47\" data-element_type=\"section\" data-settings=\"{&quot;background_background&quot;:&quot;classic&quot;}\">\n\t\t\t\t\t\t<div class=\"elementor-container elementor-column-gap-no\">\n\t\t\t\t\t<div class=\"elementor-column elementor-col-100 elementor-top-column elementor-element elementor-element-28a48a4c jltma-glass-effect-no\" data-id=\"28a48a4c\" data-element_type=\"column\">\n\t\t\t<div class=\"elementor-widget-wrap elementor-element-populated\">\n\t\t\t\t\t\t<div class=\"elementor-element elementor-element-32d3d736 jltma-glass-effect-no elementor-widget elementor-widget-testimonial\" data-id=\"32d3d736\" data-element_type=\"widget\" data-widget_type=\"testimonial.default\">\n\t\t\t\t<div class=\"elementor-widget-container\">\n\t\t\t\t\t\t\t<div class=\"elementor-testimonial-wrapper\">\n\t\t\t\t\t\t\t<div class=\"elementor-testimonial-content\">Ha sido m\u00fasico, escritor, promotor de cultura y por muchos a\u00f1os cronista municipal.<\/div>\n\t\t\t\n\t\t\t\t\t\t<div class=\"elementor-testimonial-meta\">\n\t\t\t\t<div class=\"elementor-testimonial-meta-inner\">\n\t\t\t\t\t\n\t\t\t\t\t\t\t\t\t\t<div class=\"elementor-testimonial-details\">\n\t\t\t\t\t\t\t\t\t\t\t\t\t\t<div class=\"elementor-testimonial-name\">JAIME Z\u00c1RATE ESCAMILLA<\/div>\n\t\t\t\t\t\t\t\t\t\t\t\t\t\t\t\t\t\t\t<\/div>\n\t\t\t\t\t\t\t\t\t<\/div>\n\t\t\t<\/div>\n\t\t\t\t\t<\/div>\n\t\t\t\t\t\t<\/div>\n\t\t\t\t<\/div>\n\t\t\t\t\t<\/div>\n\t\t<\/div>\n\t\t\t\t\t<\/div>\n\t\t<\/section>\n\t\t\t\t<section class=\"elementor-section elementor-top-section elementor-element elementor-element-5e6bd09 elementor-section-boxed elementor-section-height-default elementor-section-height-default jltma-glass-effect-no\" data-id=\"5e6bd09\" data-element_type=\"section\">\n\t\t\t\t\t\t<div class=\"elementor-container elementor-column-gap-default\">\n\t\t\t\t\t<div class=\"elementor-column elementor-col-100 elementor-top-column elementor-element elementor-element-d3d275d jltma-glass-effect-no\" data-id=\"d3d275d\" data-element_type=\"column\">\n\t\t\t<div class=\"elementor-widget-wrap elementor-element-populated\">\n\t\t\t\t\t\t<div class=\"elementor-element elementor-element-59e5101 elementor-widget-divider--view-line jltma-glass-effect-no elementor-widget elementor-widget-divider\" data-id=\"59e5101\" data-element_type=\"widget\" data-widget_type=\"divider.default\">\n\t\t\t\t<div class=\"elementor-widget-container\">\n\t\t\t\t\t\t\t<div class=\"elementor-divider\">\n\t\t\t<span class=\"elementor-divider-separator\">\n\t\t\t\t\t\t<\/span>\n\t\t<\/div>\n\t\t\t\t\t\t<\/div>\n\t\t\t\t<\/div>\n\t\t\t\t\t<\/div>\n\t\t<\/div>\n\t\t\t\t\t<\/div>\n\t\t<\/section>\n\t\t\t\t<footer class=\"elementor-section elementor-top-section elementor-element elementor-element-2de76b07 elementor-section-content-middle elementor-section-boxed elementor-section-height-default elementor-section-height-default jltma-glass-effect-no\" data-id=\"2de76b07\" data-element_type=\"section\">\n\t\t\t\t\t\t<div class=\"elementor-container elementor-column-gap-no\">\n\t\t\t\t\t<div class=\"elementor-column elementor-col-25 elementor-top-column elementor-element elementor-element-346549a2 jltma-glass-effect-no\" data-id=\"346549a2\" data-element_type=\"column\">\n\t\t\t<div class=\"elementor-widget-wrap elementor-element-populated\">\n\t\t\t\t\t\t<div class=\"elementor-element elementor-element-15ca6524 jltma-glass-effect-no elementor-widget elementor-widget-image\" data-id=\"15ca6524\" data-element_type=\"widget\" data-widget_type=\"image.default\">\n\t\t\t\t<div class=\"elementor-widget-container\">\n\t\t\t\t\t\t\t\t\t\t\t\t\t\t\t<img loading=\"lazy\" decoding=\"async\" width=\"512\" height=\"512\" src=\"https:\/\/jaimezarate.com\/wp-content\/uploads\/2023\/04\/cropped-JZ.png\" class=\"attachment-full size-full wp-image-190\" alt=\"\" srcset=\"https:\/\/jaimezarate.com\/wp-content\/uploads\/2023\/04\/cropped-JZ.png 512w, https:\/\/jaimezarate.com\/wp-content\/uploads\/2023\/04\/cropped-JZ-300x300.png 300w, https:\/\/jaimezarate.com\/wp-content\/uploads\/2023\/04\/cropped-JZ-150x150.png 150w, https:\/\/jaimezarate.com\/wp-content\/uploads\/2023\/04\/cropped-JZ-270x270.png 270w, https:\/\/jaimezarate.com\/wp-content\/uploads\/2023\/04\/cropped-JZ-192x192.png 192w, https:\/\/jaimezarate.com\/wp-content\/uploads\/2023\/04\/cropped-JZ-180x180.png 180w, https:\/\/jaimezarate.com\/wp-content\/uploads\/2023\/04\/cropped-JZ-32x32.png 32w\" sizes=\"(max-width: 512px) 100vw, 512px\" \/>\t\t\t\t\t\t\t\t\t\t\t\t\t\t\t<\/div>\n\t\t\t\t<\/div>\n\t\t\t\t\t<\/div>\n\t\t<\/div>\n\t\t\t\t<div class=\"elementor-column elementor-col-50 elementor-top-column elementor-element elementor-element-351db4d5 jltma-glass-effect-no\" data-id=\"351db4d5\" data-element_type=\"column\">\n\t\t\t<div class=\"elementor-widget-wrap elementor-element-populated\">\n\t\t\t\t\t\t<div class=\"elementor-element elementor-element-2ace2c93 elementor-icon-list--layout-inline elementor-tablet-align-center elementor-align-center elementor-list-item-link-full_width jltma-glass-effect-no elementor-widget elementor-widget-icon-list\" data-id=\"2ace2c93\" data-element_type=\"widget\" data-widget_type=\"icon-list.default\">\n\t\t\t\t<div class=\"elementor-widget-container\">\n\t\t\t\t\t\t\t<ul class=\"elementor-icon-list-items elementor-inline-items\">\n\t\t\t\t\t\t\t<li class=\"elementor-icon-list-item elementor-inline-item\">\n\t\t\t\t\t\t\t\t\t\t\t<a href=\"https:\/\/jaimezarate.com\/index.php\/sobremi\/\">\n\n\t\t\t\t\t\t\t\t\t\t\t<span class=\"elementor-icon-list-text\">Sobre m\u00ed<\/span>\n\t\t\t\t\t\t\t\t\t\t\t<\/a>\n\t\t\t\t\t\t\t\t\t<\/li>\n\t\t\t\t\t\t\t\t<li class=\"elementor-icon-list-item elementor-inline-item\">\n\t\t\t\t\t\t\t\t\t\t\t<a href=\"https:\/\/jaimezarate.com\/index.php\/contacto\/\">\n\n\t\t\t\t\t\t\t\t\t\t\t<span class=\"elementor-icon-list-text\">Contacto<\/span>\n\t\t\t\t\t\t\t\t\t\t\t<\/a>\n\t\t\t\t\t\t\t\t\t<\/li>\n\t\t\t\t\t\t\t\t<li class=\"elementor-icon-list-item elementor-inline-item\">\n\t\t\t\t\t\t\t\t\t\t\t<a href=\"https:\/\/jaimezarate.com\/\">\n\n\t\t\t\t\t\t\t\t\t\t\t<span class=\"elementor-icon-list-text\">Pol\u00edtica de privacidad<\/span>\n\t\t\t\t\t\t\t\t\t\t\t<\/a>\n\t\t\t\t\t\t\t\t\t<\/li>\n\t\t\t\t\t\t<\/ul>\n\t\t\t\t\t\t<\/div>\n\t\t\t\t<\/div>\n\t\t\t\t\t<\/div>\n\t\t<\/div>\n\t\t\t\t<div class=\"elementor-column elementor-col-25 elementor-top-column elementor-element elementor-element-371ea15c jltma-glass-effect-no\" data-id=\"371ea15c\" data-element_type=\"column\">\n\t\t\t<div class=\"elementor-widget-wrap elementor-element-populated\">\n\t\t\t\t\t\t<div class=\"elementor-element elementor-element-2b6642ee e-grid-align-right e-grid-align-tablet-right e-grid-align-mobile-center elementor-widget-mobile__width-inherit elementor-shape-rounded elementor-grid-0 jltma-glass-effect-no elementor-widget elementor-widget-social-icons\" data-id=\"2b6642ee\" data-element_type=\"widget\" data-widget_type=\"social-icons.default\">\n\t\t\t\t<div class=\"elementor-widget-container\">\n\t\t\t\t\t\t\t<div class=\"elementor-social-icons-wrapper elementor-grid\">\n\t\t\t\t\t\t\t<span class=\"elementor-grid-item\">\n\t\t\t\t\t<a class=\"elementor-icon elementor-social-icon elementor-social-icon-facebook elementor-repeater-item-3f1b7ac\" target=\"_blank\">\n\t\t\t\t\t\t<span class=\"elementor-screen-only\">Facebook<\/span>\n\t\t\t\t\t\t<i aria-hidden=\"true\" class=\"fab fa-facebook\"><\/i>\t\t\t\t\t<\/a>\n\t\t\t\t<\/span>\n\t\t\t\t\t<\/div>\n\t\t\t\t\t\t<\/div>\n\t\t\t\t<\/div>\n\t\t\t\t\t<\/div>\n\t\t<\/div>\n\t\t\t\t\t<\/div>\n\t\t<\/footer>\n\t\t\t\t<\/div>\n\t\t","protected":false},"excerpt":{"rendered":"<p>M\u00fasico, escritor, compositor, cronista Ind\u00edgena chontal, es originario de San Pedro Huamelula, Oaxaca. Naci\u00f3 el 14 de diciembre de 1954. Sus padres, Manuel Z\u00e1rate Ortega y Mar\u00eda Escamilla Robles, fueron oriundos del mismo lugar. Desde ni\u00f1o mostr\u00f3 gran inter\u00e9s por las danzas celebradas a lo largo del a\u00f1o en su tierra natal, y por conocer [&hellip;]<\/p>\n","protected":false},"author":1,"featured_media":0,"parent":0,"menu_order":0,"comment_status":"closed","ping_status":"closed","template":"","meta":{"site-sidebar-layout":"no-sidebar","site-content-layout":"page-builder","ast-site-content-layout":"default","site-content-style":"default","site-sidebar-style":"default","ast-global-header-display":"","ast-banner-title-visibility":"","ast-main-header-display":"","ast-hfb-above-header-display":"","ast-hfb-below-header-display":"","ast-hfb-mobile-header-display":"","site-post-title":"disabled","ast-breadcrumbs-content":"","ast-featured-img":"disabled","footer-sml-layout":"","theme-transparent-header-meta":"","adv-header-id-meta":"","stick-header-meta":"","header-above-stick-meta":"","header-main-stick-meta":"","header-below-stick-meta":"","astra-migrate-meta-layouts":"default","ast-page-background-enabled":"default","ast-page-background-meta":{"desktop":{"background-color":"var(--ast-global-color-4)","background-image":"","background-repeat":"repeat","background-position":"center center","background-size":"auto","background-attachment":"scroll","background-type":"","background-media":"","overlay-type":"","overlay-color":"","overlay-opacity":"","overlay-gradient":""},"tablet":{"background-color":"","background-image":"","background-repeat":"repeat","background-position":"center center","background-size":"auto","background-attachment":"scroll","background-type":"","background-media":"","overlay-type":"","overlay-color":"","overlay-opacity":"","overlay-gradient":""},"mobile":{"background-color":"","background-image":"","background-repeat":"repeat","background-position":"center center","background-size":"auto","background-attachment":"scroll","background-type":"","background-media":"","overlay-type":"","overlay-color":"","overlay-opacity":"","overlay-gradient":""}},"ast-content-background-meta":{"desktop":{"background-color":"var(--ast-global-color-5)","background-image":"","background-repeat":"repeat","background-position":"center center","background-size":"auto","background-attachment":"scroll","background-type":"","background-media":"","overlay-type":"","overlay-color":"","overlay-opacity":"","overlay-gradient":""},"tablet":{"background-color":"var(--ast-global-color-5)","background-image":"","background-repeat":"repeat","background-position":"center center","background-size":"auto","background-attachment":"scroll","background-type":"","background-media":"","overlay-type":"","overlay-color":"","overlay-opacity":"","overlay-gradient":""},"mobile":{"background-color":"var(--ast-global-color-5)","background-image":"","background-repeat":"repeat","background-position":"center center","background-size":"auto","background-attachment":"scroll","background-type":"","background-media":"","overlay-type":"","overlay-color":"","overlay-opacity":"","overlay-gradient":""}},"footnotes":""},"class_list":["post-11","page","type-page","status-publish","hentry"],"_links":{"self":[{"href":"https:\/\/jaimezarate.com\/index.php\/wp-json\/wp\/v2\/pages\/11","targetHints":{"allow":["GET"]}}],"collection":[{"href":"https:\/\/jaimezarate.com\/index.php\/wp-json\/wp\/v2\/pages"}],"about":[{"href":"https:\/\/jaimezarate.com\/index.php\/wp-json\/wp\/v2\/types\/page"}],"author":[{"embeddable":true,"href":"https:\/\/jaimezarate.com\/index.php\/wp-json\/wp\/v2\/users\/1"}],"replies":[{"embeddable":true,"href":"https:\/\/jaimezarate.com\/index.php\/wp-json\/wp\/v2\/comments?post=11"}],"version-history":[{"count":65,"href":"https:\/\/jaimezarate.com\/index.php\/wp-json\/wp\/v2\/pages\/11\/revisions"}],"predecessor-version":[{"id":870,"href":"https:\/\/jaimezarate.com\/index.php\/wp-json\/wp\/v2\/pages\/11\/revisions\/870"}],"wp:attachment":[{"href":"https:\/\/jaimezarate.com\/index.php\/wp-json\/wp\/v2\/media?parent=11"}],"curies":[{"name":"wp","href":"https:\/\/api.w.org\/{rel}","templated":true}]}}